{"id":818,"date":"2014-07-31T11:00:38","date_gmt":"2014-07-31T11:00:38","guid":{"rendered":"http:\/\/katehollett.tsotf.com\/?page_id=818"},"modified":"2022-04-03T13:33:40","modified_gmt":"2022-04-03T13:33:40","slug":"presspublication","status":"publish","type":"page","link":"https:\/\/katehollett.com\/?page_id=818","title":{"rendered":"Press\/Publication"},"content":{"rendered":"<div id=\"pl-818\"  class=\"panel-layout\" ><div id=\"pg-818-0\"  class=\"panel-grid panel-no-style\" ><div id=\"pgc-818-0-0\"  class=\"panel-grid-cell\" ><div id=\"panel-818-0-0-0\" class=\"so-panel widget widget_black-studio-tinymce widget_black_studio_tinymce panel-first-child\" data-index=\"0\" ><div class=\"textwidget\"><p><a href=\"http:\/\/www.amazon.com\/Habitus-Habitat-III-Synaesthesia-Kinaesthetics\/dp\/303430532X\/ref=sr_1_5?s=books&amp;ie=UTF8&amp;qid=1425309917&amp;sr=1-5&amp;keywords=Sabine+Flach\" target=\"_blank\"><img loading=\"lazy\" decoding=\"async\" class=\"wp-image-1412 alignleft\" src=\"http:\/\/katehollett.com\/wp-content\/uploads\/2015\/03\/Habit_HabitusBookCover-205x300.jpg\" alt=\"Habit_HabitusBookCover\" width=\"105\" height=\"153\" srcset=\"https:\/\/katehollett.com\/wp-content\/uploads\/2015\/03\/Habit_HabitusBookCover-205x300.jpg 205w, https:\/\/katehollett.com\/wp-content\/uploads\/2015\/03\/Habit_HabitusBookCover-702x1024.jpg 702w, https:\/\/katehollett.com\/wp-content\/uploads\/2015\/03\/Habit_HabitusBookCover-685x999.jpg 685w, https:\/\/katehollett.com\/wp-content\/uploads\/2015\/03\/Habit_HabitusBookCover.jpg 1757w\" sizes=\"auto, (max-width: 105px) 100vw, 105px\" \/><\/a><\/p>\n<\/div><\/div><div id=\"panel-818-0-0-1\" class=\"so-panel widget widget_black-studio-tinymce widget_black_studio_tinymce\" data-index=\"1\" ><div class=\"textwidget\"><p><a href=\"http:\/\/www.buecher.de\/shop\/buecher\/ueber-liebe\/aridzanjan-anna-friedrichs-dieter-guenter-fronzek-alexandra-guenter-andrea-hollett-kate-kaiser-t\/products_products\/detail\/prod_id\/41490051\/\" target=\"_blank\"><img loading=\"lazy\" decoding=\"async\" class=\"alignleft wp-image-1414\" src=\"http:\/\/katehollett.com\/wp-content\/uploads\/2015\/03\/LoveGermanBookCover-211x300.jpg\" alt=\"LoveGermanBookCover\" width=\"105\" height=\"149\" srcset=\"https:\/\/katehollett.com\/wp-content\/uploads\/2015\/03\/LoveGermanBookCover-211x300.jpg 211w, https:\/\/katehollett.com\/wp-content\/uploads\/2015\/03\/LoveGermanBookCover.jpg 353w\" sizes=\"auto, (max-width: 105px) 100vw, 105px\" \/><\/a><\/p>\n<\/div><\/div><div id=\"panel-818-0-0-2\" class=\"so-panel widget widget_black-studio-tinymce widget_black_studio_tinymce panel-last-child\" data-index=\"2\" ><div class=\"textwidget\"><p><a href=\"http:\/\/katehollett.com\/wp-content\/uploads\/2015\/03\/KateBookCover.jpg\"><img loading=\"lazy\" decoding=\"async\" class=\"alignnone wp-image-1413\" src=\"http:\/\/katehollett.com\/wp-content\/uploads\/2015\/03\/KateBookCover-210x300.jpg\" alt=\"KateBookCover\" width=\"105\" height=\"150\" srcset=\"https:\/\/katehollett.com\/wp-content\/uploads\/2015\/03\/KateBookCover-210x300.jpg 210w, https:\/\/katehollett.com\/wp-content\/uploads\/2015\/03\/KateBookCover.jpg 350w\" sizes=\"auto, (max-width: 105px) 100vw, 105px\" \/><\/a><\/p>\n<\/div><\/div><\/div><div id=\"pgc-818-0-1\"  class=\"panel-grid-cell\" ><div id=\"panel-818-0-1-0\" class=\"so-panel widget widget_black-studio-tinymce widget_black_studio_tinymce panel-first-child\" data-index=\"3\" ><div class=\"textwidget\"><p><em>Publications<\/em><\/p><p><a href=\"http:\/\/www.amazon.com\/Habitus-Habitat-III-Synaesthesia-Kinaesthetics\/dp\/303430532X\/ref=sr_1_5?s=books&amp;ie=UTF8&amp;qid=1425309917&amp;sr=1-5&amp;keywords=Sabine+Flach\" target=\"_blank\"><strong>\"Synaesthesia and Kinaesthetics\"<\/strong> [Habitus in Habitat III]<\/a>, <br \/>ed. by Joerg Fingerhut, Sabine Flach, Jan Georg Soeffner, <br \/>Peter Lang (Bern et al) 2011.<\/p><p>\u00a0<\/p><\/div><\/div><div id=\"panel-818-0-1-1\" class=\"so-panel widget widget_black-studio-tinymce widget_black_studio_tinymce\" data-index=\"4\" ><div class=\"textwidget\"><p>\u00a0<\/p><p><strong><a href=\"http:\/\/www.buecher.de\/shop\/buecher\/ueber-liebe\/aridzanjan-anna-friedrichs-dieter-guenter-fronzek-alexandra-guenter-andrea-hollett-kate-kaiser-t\/products_products\/detail\/prod_id\/41490051\/\" target=\"_blank\">\"\u00dcber Liebe. Aufs\u00e4tze, Skizzen und Essays zu<\/a><br \/><a href=\"http:\/\/www.buecher.de\/shop\/buecher\/ueber-liebe\/aridzanjan-anna-friedrichs-dieter-guenter-fronzek-alexandra-guenter-andrea-hollett-kate-kaiser-t\/products_products\/detail\/prod_id\/41490051\/\" target=\"_blank\">einem unergr\u00fcndlichen Ph\u00e4nomen\"<\/a> (<\/strong><em>\"LOVE: An Educational Study in Emotional Discourse<\/em><br \/><em>- The Class of Love\"<strong>)<\/strong><\/em>. Wolf von Kempft, Editor. \u00a0<br \/>Zu Klampen! Verlag. Springe, Germany. 2014<\/p><\/div><\/div><div id=\"panel-818-0-1-2\" class=\"so-panel widget widget_black-studio-tinymce widget_black_studio_tinymce panel-last-child\" data-index=\"5\" ><div class=\"textwidget\"><p><strong>\"Love, Media, Art &amp; Science; The Fiction of Relationships\" <br \/><\/strong>Kate Hollett (in production)<\/p><p>\u00a0<\/p><p>\u00a0__________________________<\/p><p><em>Press<\/em><\/p><p>93.5 FM Classic FM 2010<br \/>Metro News 2009<br \/>National Post 2009<br \/>CBC Metro Morning 2009<br \/>CIUT Radio Feature 2009<br \/>Toronto Life\u00a0 Fall 2008<br \/>Belfast Telegraph, 2008<br \/>CityTV 2008<br \/>Absolute Arts - ArtNews Spring 2008<br \/>CBC Exposure TV Aug,07<br \/>New York Arts Magazine (website)- \u201cTips &amp; Picks\u201d 2006<br \/>CBC Radio 2006<br \/>CFRB Radio 2006<br \/>Rogers TV\u00a0 2006<br \/>National Post Feature Article\u00a0 2005<br \/>CBC Radio\u00a0 \u201cHere &amp; Now\u201d\u00a0 2005<br \/>Metro News\u00a0 2005<br \/>Absolute Arts - ArtNews 2003<br \/>Upper West Side Newsletter Fall 2003 for Canadian Consulate<br \/>\u00a0- New York City<br \/>Scarlett Magazine Feature Article - Premier Issue 2003<br \/>National Post Feature Article 2003<br \/>Macleans Magazine 2002<br \/>Book Television 2002<br \/>Fashion Television 2002<br \/>CBC Arts Report 2002<br \/>The Toronto Star 2002<br \/>Martha's Vineyard Times 2001<br \/>CIUT Radio Feature 2001<br \/>Now Magazine Solo Review 2001<br \/>CBC Canada NOW\u00a0 2001<br \/>Bravo Arts Network Television Segment Piece 2001<br \/>Now Magazine Group Article 2000<br \/>National Post Feature Article 1999<br \/>Graphic Exchange Magazine Feature Article 1999<br \/>Media Television Feature Spot 1994<br \/>Applied Arts Group Article 1994<br \/>Studio Magazine Group Article 1994<\/p><\/div><\/div><\/div><\/div><\/div>","protected":false},"excerpt":{"rendered":"<p>Publications&#8221;Synaesthesia and Kinaesthetics&#8221; [Habitus in Habitat III], ed. by Joerg Fingerhut, Sabine Flach, Jan Georg Soeffner, Peter Lang (Bern et al) 2011.\u00a0 \u00a0&#8220;\u00dcber Liebe. Aufs\u00e4tze, Skizzen und Essays zueinem unergr\u00fcndlichen Ph\u00e4nomen&#8221; (&#8220;LOVE: An Educational Study in Emotional Discourse- The Class of Love&#8221;). Wolf von Kempft, Editor. \u00a0Zu Klampen! Verlag. Springe, Germany. 2014 &#8220;Love, Media, Art [&hellip;]<\/p>\n","protected":false},"author":1,"featured_media":1017,"parent":7,"menu_order":1,"comment_status":"closed","ping_status":"open","template":"","meta":{"footnotes":""},"class_list":["post-818","page","type-page","status-publish","has-post-thumbnail","hentry"],"_links":{"self":[{"href":"https:\/\/katehollett.com\/index.php?rest_route=\/wp\/v2\/pages\/818","targetHints":{"allow":["GET"]}}],"collection":[{"href":"https:\/\/katehollett.com\/index.php?rest_route=\/wp\/v2\/pages"}],"about":[{"href":"https:\/\/katehollett.com\/index.php?rest_route=\/wp\/v2\/types\/page"}],"author":[{"embeddable":true,"href":"https:\/\/katehollett.com\/index.php?rest_route=\/wp\/v2\/users\/1"}],"replies":[{"embeddable":true,"href":"https:\/\/katehollett.com\/index.php?rest_route=%2Fwp%2Fv2%2Fcomments&post=818"}],"version-history":[{"count":11,"href":"https:\/\/katehollett.com\/index.php?rest_route=\/wp\/v2\/pages\/818\/revisions"}],"predecessor-version":[{"id":1762,"href":"https:\/\/katehollett.com\/index.php?rest_route=\/wp\/v2\/pages\/818\/revisions\/1762"}],"up":[{"embeddable":true,"href":"https:\/\/katehollett.com\/index.php?rest_route=\/wp\/v2\/pages\/7"}],"wp:featuredmedia":[{"embeddable":true,"href":"https:\/\/katehollett.com\/index.php?rest_route=\/wp\/v2\/media\/1017"}],"wp:attachment":[{"href":"https:\/\/katehollett.com\/index.php?rest_route=%2Fwp%2Fv2%2Fmedia&parent=818"}],"curies":[{"name":"wp","href":"https:\/\/api.w.org\/{rel}","templated":true}]}}